{"id":611,"date":"2021-03-11T22:05:53","date_gmt":"2021-03-11T21:05:53","guid":{"rendered":"http:\/\/localhost\/?page_id=611"},"modified":"2021-07-22T16:54:42","modified_gmt":"2021-07-22T14:54:42","slug":"about","status":"publish","type":"page","link":"https:\/\/calepins.ch\/en\/about\/","title":{"rendered":"About"},"content":{"rendered":"\n<div class=\"wp-block-columns is-layout-flex wp-container-core-columns-is-layout-1 wp-block-columns-is-layout-flex\">\n<div class=\"wp-block-column is-layout-flow wp-block-column-is-layout-flow\">\n<figure class=\"wp-block-image size-large\"><img loading=\"lazy\" decoding=\"async\" width=\"1707\" height=\"2560\" src=\"https:\/\/staging.calepins.ch\/wp-content\/uploads\/MG_0074-scaled.jpg\" alt=\"Jeune homme assis dans un atelier en train de coudre du papier sur une machine \u00e0 coudre\" class=\"wp-image-2004\" srcset=\"https:\/\/calepins.ch\/wp-content\/uploads\/MG_0074-scaled.jpg 1707w, https:\/\/calepins.ch\/wp-content\/uploads\/MG_0074-768x1152.jpg 768w, https:\/\/calepins.ch\/wp-content\/uploads\/MG_0074-1024x1536.jpg 1024w, https:\/\/calepins.ch\/wp-content\/uploads\/MG_0074-1365x2048.jpg 1365w, https:\/\/calepins.ch\/wp-content\/uploads\/MG_0074-150x225.jpg 150w, https:\/\/calepins.ch\/wp-content\/uploads\/MG_0074-300x450.jpg 300w\" sizes=\"(max-width: 1707px) 100vw, 1707px\" \/><\/figure>\n<\/div>\n\n\n\n<div class=\"wp-block-column is-layout-flow wp-block-column-is-layout-flow\">\n<h3 class=\"wp-block-heading\">Calepins d\u00e9marre en 2021<\/h3>\n\n\n\n<p>Derri\u00e8re chaque carnet, on retrouve Edwin, designer dans la trentaine de formation, qui &#8220;bricole&#8221; dans son temps libre depuis&#8230; toujours !<\/p>\n\n\n\n<p>Apr\u00e8s avoir reli\u00e9 une dizaine de livres et de cahiers, il lui a fallu trouver un pr\u00e9texte pour continuer cette fascinante (et relaxante) activit\u00e9. <\/p>\n\n\n\n<blockquote class=\"wp-block-quote is-layout-flow wp-block-quote-is-layout-flow\"><p>C&#8217;est comme cela que Calepins.ch a vu le jour, lui permettant ainsi de poursuivre son exploration du monde de la reliure artisanale. <\/p><\/blockquote>\n\n\n\n<p><\/p>\n<\/div>\n<\/div>\n\n\n\n<div class=\"wp-block-columns is-layout-flex wp-container-core-columns-is-layout-2 wp-block-columns-is-layout-flex\">\n<div class=\"wp-block-column is-layout-flow wp-block-column-is-layout-flow\" style=\"flex-basis:66.66%\">\n<h3 class=\"wp-block-heading\">Une s\u00e9lection consciencieuse<\/h3>\n\n\n\n<p>La premi\u00e8re \u00e9tape d&#8217;un calepin commence par le livre. Brocantes, r\u00e9cup\u00e9ration et seconde main, il faut avoir l&#8217;oeil pour rep\u00e9rer les perles parmi les milliers de livres souvent destin\u00e9s &#8220;\u00e0 la poubelle&#8221;. <\/p>\n\n\n\n<p>Parmi ses crit\u00e8res de s\u00e9lection, on mentionnera notamment le format (pas trop \u00e9pais, pas trop grand) ou le bon \u00e9tat de la couverture dite &#8220;hardcover&#8221; (fourre cartonn\u00e9e). <\/p>\n<\/div>\n\n\n\n<div class=\"wp-block-column is-layout-flow wp-block-column-is-layout-flow\" style=\"flex-basis:33.33%\">\n<figure class=\"wp-block-image size-large\"><img loading=\"lazy\" decoding=\"async\" width=\"1707\" height=\"2560\" src=\"https:\/\/staging.calepins.ch\/wp-content\/uploads\/MG_9936-scaled.jpg\" alt=\"\" class=\"wp-image-2025\" srcset=\"https:\/\/calepins.ch\/wp-content\/uploads\/MG_9936-scaled.jpg 1707w, https:\/\/calepins.ch\/wp-content\/uploads\/MG_9936-768x1152.jpg 768w, https:\/\/calepins.ch\/wp-content\/uploads\/MG_9936-1024x1536.jpg 1024w, https:\/\/calepins.ch\/wp-content\/uploads\/MG_9936-1365x2048.jpg 1365w, https:\/\/calepins.ch\/wp-content\/uploads\/MG_9936-150x225.jpg 150w, https:\/\/calepins.ch\/wp-content\/uploads\/MG_9936-300x450.jpg 300w\" sizes=\"(max-width: 1707px) 100vw, 1707px\" \/><\/figure>\n<\/div>\n<\/div>\n\n\n\n<h3 class=\"wp-block-heading\">L&#8217;impression<\/h3>\n\n\n\n<p>Une fois le livre choisi, la seconde \u00e9tape consiste \u00e0 calculer le nombre de pages, pr\u00e9parer l&#8217;impression ainsi que la mise en page. Les comp\u00e9tences de designer facilitent grandement cette \u00e9tape.<\/p>\n\n\n\n<p>Une fois l&#8217;impression r\u00e9alis\u00e9e sur un papier soigneusement s\u00e9lectionn\u00e9 pour l&#8217;\u00e9criture, c&#8217;est le moment pour Edwin de commencer le travail de reliure.<\/p>\n\n\n\n<div class=\"wp-block-columns is-layout-flex wp-container-core-columns-is-layout-3 wp-block-columns-is-layout-flex\">\n<div class=\"wp-block-column is-layout-flow wp-block-column-is-layout-flow\" style=\"flex-basis:33.33%\">\n<figure class=\"wp-block-image size-large\"><img loading=\"lazy\" decoding=\"async\" width=\"1658\" height=\"1658\" src=\"https:\/\/staging.calepins.ch\/wp-content\/uploads\/MG_9984-1.jpg\" alt=\"homme bricolant sur une table d'atelier avec fils et peinture\" class=\"wp-image-2010\" srcset=\"https:\/\/calepins.ch\/wp-content\/uploads\/MG_9984-1.jpg 1658w, https:\/\/calepins.ch\/wp-content\/uploads\/MG_9984-1-768x768.jpg 768w, https:\/\/calepins.ch\/wp-content\/uploads\/MG_9984-1-1536x1536.jpg 1536w, https:\/\/calepins.ch\/wp-content\/uploads\/MG_9984-1-150x150.jpg 150w, https:\/\/calepins.ch\/wp-content\/uploads\/MG_9984-1-300x300.jpg 300w, https:\/\/calepins.ch\/wp-content\/uploads\/MG_9984-1-100x100.jpg 100w\" sizes=\"(max-width: 1658px) 100vw, 1658px\" \/><\/figure>\n<\/div>\n\n\n\n<div class=\"wp-block-column is-layout-flow wp-block-column-is-layout-flow\" style=\"flex-basis:66.66%\">\n<h3 class=\"wp-block-heading\">La reliure<\/h3>\n\n\n\n<p>Les pages sont cousues en cahier de 3 feuilles pour une meilleure rigidit\u00e9. Ensuite, les cahiers sont press\u00e9s puis coll\u00e9s ensemble pour former le corps d&#8217;ouvrage.<\/p>\n\n\n\n<p>Apr\u00e8s ajout de quelques d\u00e9tails, les bords sont \u00e9galis\u00e9s \u00e0 l&#8217;aide du massicot.<\/p>\n<\/div>\n<\/div>\n\n\n\n<p>Le tout est finalement coll\u00e9 dans le livre d&#8217;origine tout en conservant le contreplat (partie coll\u00e9e sur la fourre) et la page de garde d&#8217;origine. Il se peut donc que vous retrouviez des inscriptions, tampons, marques d&#8217;usure etc. sur la premi\u00e8re et derni\u00e8re page de votre calepin.<\/p>\n\n\n\n<figure class=\"wp-block-image size-large\"><img loading=\"lazy\" decoding=\"async\" width=\"2560\" height=\"1707\" src=\"https:\/\/staging.calepins.ch\/wp-content\/uploads\/MG_9956-scaled.jpg\" alt=\"livre us\u00e9 avec \u00e9lastique beige\" class=\"wp-image-2014\" srcset=\"https:\/\/calepins.ch\/wp-content\/uploads\/MG_9956-scaled.jpg 2560w, https:\/\/calepins.ch\/wp-content\/uploads\/MG_9956-768x512.jpg 768w, https:\/\/calepins.ch\/wp-content\/uploads\/MG_9956-1536x1024.jpg 1536w, https:\/\/calepins.ch\/wp-content\/uploads\/MG_9956-2048x1365.jpg 2048w, https:\/\/calepins.ch\/wp-content\/uploads\/MG_9956-150x100.jpg 150w, https:\/\/calepins.ch\/wp-content\/uploads\/MG_9956-300x200.jpg 300w\" sizes=\"(max-width: 2560px) 100vw, 2560px\" \/><\/figure>\n\n\n\n<p><\/p>\n","protected":false},"excerpt":{"rendered":"<p>Calepins d\u00e9marre en 2021 Derri\u00e8re chaque carnet, on retrouve Edwin, designer dans la trentaine de formation, qui &#8220;bricole&#8221; dans son temps libre depuis&#8230; toujours ! Apr\u00e8s avoir reli\u00e9 une dizaine de livres et de cahiers, il lui a fallu trouver un pr\u00e9texte pour continuer cette fascinante (et relaxante) activit\u00e9. C&#8217;est comme cela que Calepins.ch a [&hellip;]<\/p>\n","protected":false},"author":1,"featured_media":0,"parent":0,"menu_order":0,"comment_status":"closed","ping_status":"closed","template":"","meta":{"inline_featured_image":false,"footnotes":""},"class_list":["post-611","page","type-page","status-publish","hentry"],"jetpack_sharing_enabled":true,"_links":{"self":[{"href":"https:\/\/calepins.ch\/en\/wp-json\/wp\/v2\/pages\/611"}],"collection":[{"href":"https:\/\/calepins.ch\/en\/wp-json\/wp\/v2\/pages"}],"about":[{"href":"https:\/\/calepins.ch\/en\/wp-json\/wp\/v2\/types\/page"}],"author":[{"embeddable":true,"href":"https:\/\/calepins.ch\/en\/wp-json\/wp\/v2\/users\/1"}],"replies":[{"embeddable":true,"href":"https:\/\/calepins.ch\/en\/wp-json\/wp\/v2\/comments?post=611"}],"version-history":[{"count":3,"href":"https:\/\/calepins.ch\/en\/wp-json\/wp\/v2\/pages\/611\/revisions"}],"predecessor-version":[{"id":2051,"href":"https:\/\/calepins.ch\/en\/wp-json\/wp\/v2\/pages\/611\/revisions\/2051"}],"wp:attachment":[{"href":"https:\/\/calepins.ch\/en\/wp-json\/wp\/v2\/media?parent=611"}],"curies":[{"name":"wp","href":"https:\/\/api.w.org\/{rel}","templated":true}]}}